{"id":774,"date":"2011-04-19T16:46:55","date_gmt":"2011-04-19T16:46:55","guid":{"rendered":"http:\/\/localhost\/wp3_rc\/mycuisine\/?page_id=774"},"modified":"2014-10-07T11:59:30","modified_gmt":"2014-10-07T09:59:30","slug":"menu","status":"publish","type":"page","link":"https:\/\/www.gasthaus-supper.at\/?page_id=774","title":{"rendered":"Essen &#038; Trinken"},"content":{"rendered":"<p>[smartslider2 slider=&#8220;4&#8243;]<br \/>\n\n<table id=\"tablepress-4\" class=\"tablepress tablepress-id-4\">\n<tbody>\n<tr class=\"row-1\">\n\t<td class=\"column-1\"><h2>Aperitif<\/h2><\/td><td class=\"column-2\"><\/td>\n<\/tr>\n<tr class=\"row-2\">\n\t<td class=\"column-1\">Obstler 2 cl<\/td><td class=\"column-2\">\u20ac\u00a0\u00a02,50<\/td>\n<\/tr>\n<tr class=\"row-3\">\n\t<td class=\"column-1\">Asbach Uralt 2 cl<\/td><td class=\"column-2\">\u20ac\u00a0\u00a02,50<\/td>\n<\/tr>\n<tr class=\"row-4\">\n\t<td class=\"column-1\">Campari Soda oder Orange 2 cl<\/td><td class=\"column-2\">\u20ac\u00a0\u00a02,80<\/td>\n<\/tr>\n<tr class=\"row-5\">\n\t<td class=\"column-1\">Martini s\u00fc\u00df<\/td><td class=\"column-2\">\u20ac\u00a0\u00a02,50<\/td>\n<\/tr>\n<tr class=\"row-6\">\n\t<td class=\"column-1\">Aperol Spritzer<\/td><td class=\"column-2\">\u20ac\u00a0\u00a02,80<\/td>\n<\/tr>\n<tr class=\"row-7\">\n\t<td class=\"column-1\"><h2>Burgenl\u00e4ndische Edelbr\u00e4nde<\/h2><\/td><td class=\"column-2\"><\/td>\n<\/tr>\n<tr class=\"row-8\">\n\t<td class=\"column-1\">Weichsel (Lik\u00f6r) 2 cl<\/td><td class=\"column-2\">\u20ac\u00a0\u00a02,50<\/td>\n<\/tr>\n<tr class=\"row-9\">\n\t<td class=\"column-1\">Pfirsich (Schnaps) 2 cl<\/td><td class=\"column-2\">\u20ac\u00a0\u00a02,50<\/td>\n<\/tr>\n<tr class=\"row-10\">\n\t<td class=\"column-1\">Birne (Schnaps) 2 cl<\/td><td class=\"column-2\">\u20ac\u00a0\u00a02,50<\/td>\n<\/tr>\n<tr class=\"row-11\">\n\t<td class=\"column-1\">Marille (Schnaps) 2 cl<\/td><td class=\"column-2\">\u20ac\u00a0\u00a02,50<\/td>\n<\/tr>\n<tr class=\"row-12\">\n\t<td class=\"column-1\"><h2>Suppen<\/h2><\/td><td class=\"column-2\"><\/td>\n<\/tr>\n<tr class=\"row-13\">\n\t<td class=\"column-1\">Backerbsensuppe<\/td><td class=\"column-2\">\u20ac\u00a0\u00a02,00<\/td>\n<\/tr>\n<tr class=\"row-14\">\n\t<td class=\"column-1\">Leberkn\u00f6delsuppe<\/td><td class=\"column-2\">\u20ac\u00a0\u00a02,50<\/td>\n<\/tr>\n<tr class=\"row-15\">\n\t<td class=\"column-1\">Frittatensuppe<\/td><td class=\"column-2\">\u20ac\u00a0\u00a02,50<\/td>\n<\/tr>\n<tr class=\"row-16\">\n\t<td class=\"column-1\">Knoblauchcremesuppe<\/td><td class=\"column-2\">\u20ac\u00a0\u00a02,80<\/td>\n<\/tr>\n<tr class=\"row-17\">\n\t<td class=\"column-1\"><h2>Hauptspeisen<\/h2><\/td><td class=\"column-2\"><\/td>\n<\/tr>\n<tr class=\"row-18\">\n\t<td class=\"column-1\"><h3>Gefl\u00fcgel<\/h3><\/td><td class=\"column-2\"><\/td>\n<\/tr>\n<tr class=\"row-19\">\n\t<td class=\"column-1\">Putenschnitzel mit Kr\u00e4uterrahmsauce und Kroketten<\/td><td class=\"column-2\">\u20ac\u00a0\u00a07,80<\/td>\n<\/tr>\n<tr class=\"row-20\">\n\t<td class=\"column-1\">Putenschnitzel gebacken, mit Reis oder Pommes frites<\/td><td class=\"column-2\">\u20ac\u00a0\u00a07,80<\/td>\n<\/tr>\n<tr class=\"row-21\">\n\t<td class=\"column-1\">H\u00fchnerfilet in K\u00fcrbiskernkruste, mit Petersilienkartoffeln oder Reis<\/td><td class=\"column-2\">\u20ac\u00a0\u00a07,80<\/td>\n<\/tr>\n<tr class=\"row-22\">\n\t<td class=\"column-1\"><h3>Fisch<\/h3><\/td><td class=\"column-2\"><\/td>\n<\/tr>\n<tr class=\"row-23\">\n\t<td class=\"column-1\">Zanderfilet gebacken mit Gem\u00fcse und Petersilienkartoffeln<\/td><td class=\"column-2\">\u20ac\u00a011,80<\/td>\n<\/tr>\n<tr class=\"row-24\">\n\t<td class=\"column-1\">Zanderfilet gebraten mit Kr\u00e4uterbutter, Gem\u00fcse und Dillkartoffeln<\/td><td class=\"column-2\">\u20ac\u00a011,80<\/td>\n<\/tr>\n<tr class=\"row-25\">\n\t<td class=\"column-1\"><h3>Rind<\/h3><\/td><td class=\"column-2\"><\/td>\n<\/tr>\n<tr class=\"row-26\">\n\t<td class=\"column-1\">Rumpsteak vom Moorochsen mit Kr\u00e4uterbutter, Pommes frites und Gem\u00fcse<\/td><td class=\"column-2\">\u20ac\u00a016,90<\/td>\n<\/tr>\n<tr class=\"row-27\">\n\t<td class=\"column-1\">Zwiebelrostbraten vom Moorochsen mit Kroketten<\/td><td class=\"column-2\">\u20ac\u00a014,50<\/td>\n<\/tr>\n<tr class=\"row-28\">\n\t<td class=\"column-1\"><h3>Schwein<\/h3><\/td><td class=\"column-2\"><\/td>\n<\/tr>\n<tr class=\"row-29\">\n\t<td class=\"column-1\">Wiener Schnitzel mit Reis oder Pommes frites<\/td><td class=\"column-2\">\u20ac\u00a0\u00a07,20<\/td>\n<\/tr>\n<tr class=\"row-30\">\n\t<td class=\"column-1\">Cordon bleu mit Reis oder Pommes frites<\/td><td class=\"column-2\">\u20ac\u00a0\u00a08,90<\/td>\n<\/tr>\n<tr class=\"row-31\">\n\t<td class=\"column-1\">Grillkotelett mit Kr\u00e4uterbutter, Gem\u00fcse und Pommes frites<\/td><td class=\"column-2\">\u20ac\u00a0\u00a08,90<\/td>\n<\/tr>\n<tr class=\"row-32\">\n\t<td class=\"column-1\">Feinschmecker-Kotelett mit Spiegelei, Gem\u00fcse und Pommes frites<\/td><td class=\"column-2\">\u20ac\u00a0\u00a09,40<\/td>\n<\/tr>\n<tr class=\"row-33\">\n\t<td class=\"column-1\">Zart gegrillte Schweinsmedaillons mit Pfefferrahmsauce, Gem\u00fcse und Kroketten<\/td><td class=\"column-2\">\u20ac\u00a011,80<\/td>\n<\/tr>\n<tr class=\"row-34\">\n\t<td class=\"column-1\"><h2>F\u00fcr den kleinen Hunger<\/h2><\/td><td class=\"column-2\"><\/td>\n<\/tr>\n<tr class=\"row-35\">\n\t<td class=\"column-1\">Schweinssteak auf Toast mit Salatgarnitur<\/td><td class=\"column-2\">\u20ac\u00a0\u00a06,80<\/td>\n<\/tr>\n<tr class=\"row-36\">\n\t<td class=\"column-1\">Salat \u201eVital\u201c Salatplatte mit gegrillten Putenbruststreifen<\/td><td class=\"column-2\">\u20ac\u00a0\u00a06,80<\/td>\n<\/tr>\n<tr class=\"row-37\">\n\t<td class=\"column-1\">Edamer gebacken mit Salatgarnitur<\/td><td class=\"column-2\">\u20ac\u00a06,20<\/td>\n<\/tr>\n<tr class=\"row-38\">\n\t<td class=\"column-1\">Backhenderl-Salat Salatplatte mit gebackenen H\u00fchnerfiletstreifen<\/td><td class=\"column-2\">\u20ac\u00a0\u00a06,80<\/td>\n<\/tr>\n<tr class=\"row-39\">\n\t<td class=\"column-1\"><h2>F\u00fcr unsere Kleinen<\/h2><\/td><td class=\"column-2\"><\/td>\n<\/tr>\n<tr class=\"row-40\">\n\t<td class=\"column-1\">\u201eMicky-Maus\u201c-Schnitzerl Wiener Schnitzerl mit Pommes frites und Salatgarnitur<\/td><td class=\"column-2\">\u20ac\u00a0\u00a05,20<\/td>\n<\/tr>\n<tr class=\"row-41\">\n\t<td class=\"column-1\">\u201eDonald Duck\u201c-Schnitzerl Wiener Schnitzerl von der Pute mit Pommes frites und Salatgarnitur<\/td><td class=\"column-2\">\u20ac\u00a0\u00a05,20<\/td>\n<\/tr>\n<tr class=\"row-42\">\n\t<td class=\"column-1\"><h2>Salat<\/h2><\/td><td class=\"column-2\"><\/td>\n<\/tr>\n<tr class=\"row-43\">\n\t<td class=\"column-1\">1 Portion gemischter Salat<\/td><td class=\"column-2\">\u20ac\u00a0\u00a02,50<\/td>\n<\/tr>\n<tr class=\"row-44\">\n\t<td class=\"column-1\">Kern\u00f6l<\/td><td class=\"column-2\">\u20ac\u00a0\u00a03,00<\/td>\n<\/tr>\n<tr class=\"row-45\">\n\t<td class=\"column-1\">Dressing<\/td><td class=\"column-2\">\u20ac\u00a0\u00a03,00<\/td>\n<\/tr>\n<tr class=\"row-46\">\n\t<td class=\"column-1\"><h2>Dessert<\/h2><\/td><td class=\"column-2\"><\/td>\n<\/tr>\n<tr class=\"row-47\">\n\t<td class=\"column-1\">Schoko-Nu\u00df-Palatschinken mit Schlagobers<\/td><td class=\"column-2\">\u20ac\u00a0\u00a03,80<\/td>\n<\/tr>\n<tr class=\"row-48\">\n\t<td class=\"column-1\">Vanilleeis mit hei\u00dfen Himbeeren<\/td><td class=\"column-2\">\u20ac\u00a0\u00a04,50<\/td>\n<\/tr>\n<tr class=\"row-49\">\n\t<td class=\"column-1\">Mohr im Hemd<\/td><td class=\"column-2\">\u20ac\u00a0\u00a03,40<\/td>\n<\/tr>\n<tr class=\"row-50\">\n\t<td class=\"column-1\"><h2>Bier<\/h2><\/td><td class=\"column-2\"><\/td>\n<\/tr>\n<tr class=\"row-51\">\n\t<td class=\"column-1\">Kr\u00fcgerl<\/td><td class=\"column-2\">\u20ac\u00a0\u00a03,00<\/td>\n<\/tr>\n<tr class=\"row-52\">\n\t<td class=\"column-1\">Seidel<\/td><td class=\"column-2\">\u20ac\u00a0\u00a02,50<\/td>\n<\/tr>\n<tr class=\"row-53\">\n\t<td class=\"column-1\">Pfiff 0,2 l<\/td><td class=\"column-2\">\u20ac\u00a0\u00a02,20<\/td>\n<\/tr>\n<tr class=\"row-54\">\n\t<td class=\"column-1\">Flasche Bier<\/td><td class=\"column-2\">\u20ac\u00a0\u00a03,00<\/td>\n<\/tr>\n<tr class=\"row-55\">\n\t<td class=\"column-1\">Clausthaler alkoholfrei<\/td><td class=\"column-2\">\u20ac\u00a0\u00a03,00<\/td>\n<\/tr>\n<tr class=\"row-56\">\n\t<td class=\"column-1\"><h2>Alkoholfreie Getr\u00e4nke<\/h2><\/td><td class=\"column-2\"><\/td>\n<\/tr>\n<tr class=\"row-57\">\n\t<td class=\"column-1\">Gr\u00f6bi, Cola, Fanta, Sprite, Almdudler, Frucade 1\/4 l<\/td><td class=\"column-2\">\u20ac\u00a0\u00a01,70<\/td>\n<\/tr>\n<tr class=\"row-58\">\n\t<td class=\"column-1\">Flasche Limo 0,33 l<\/td><td class=\"column-2\">\u20ac\u00a0\u00a02,30<\/td>\n<\/tr>\n<tr class=\"row-59\">\n\t<td class=\"column-1\">Cappy, Apfelsaft 1\/4 l<\/td><td class=\"column-2\">\u20ac\u00a0\u00a01,70<\/td>\n<\/tr>\n<tr class=\"row-60\">\n\t<td class=\"column-1\">Mineralwasser 1\/4 l<\/td><td class=\"column-2\">\u20ac\u00a0\u00a01,00<\/td>\n<\/tr>\n<tr class=\"row-61\">\n\t<td class=\"column-1\">G\u00fcssinger Mineralwasser 1 l<\/td><td class=\"column-2\">\u20ac\u00a0\u00a04,00<\/td>\n<\/tr>\n<tr class=\"row-62\">\n\t<td class=\"column-1\">Mineral-Zitron 1\/4 l<\/td><td class=\"column-2\">\u20ac\u00a0\u00a01,20<\/td>\n<\/tr>\n<tr class=\"row-63\">\n\t<td class=\"column-1\">Pago Johannisbeere \/ Marille \/ ACE \/ Mango<\/td><td class=\"column-2\">\u20ac\u00a0\u00a02,20<\/td>\n<\/tr>\n<tr class=\"row-64\">\n\t<td class=\"column-1\">Pago gespritzt 0,3 l<\/td><td class=\"column-2\">\u20ac\u00a0\u00a02,40<\/td>\n<\/tr>\n<tr class=\"row-65\">\n\t<td class=\"column-1\">Flasche Mineralwasser prickelnd \/ still, 0,3 l<\/td><td class=\"column-2\">\u20ac\u00a0\u00a01,60<\/td>\n<\/tr>\n<tr class=\"row-66\">\n\t<td class=\"column-1\"><h2>Heisse Getr\u00e4nke<\/h2><\/td><td class=\"column-2\"><\/td>\n<\/tr>\n<tr class=\"row-67\">\n\t<td class=\"column-1\">Cappuccino<\/td><td class=\"column-2\">\u20ac\u00a0\u00a02,80<\/td>\n<\/tr>\n<tr class=\"row-68\">\n\t<td class=\"column-1\">Melange<\/td><td class=\"column-2\">\u20ac\u00a0\u00a02,30<\/td>\n<\/tr>\n<tr class=\"row-69\">\n\t<td class=\"column-1\">Verl\u00e4ngerter<\/td><td class=\"column-2\">\u20ac\u00a0\u00a02,30<\/td>\n<\/tr>\n<tr class=\"row-70\">\n\t<td class=\"column-1\">Gro\u00dfer Brauner<\/td><td class=\"column-2\">\u20ac\u00a0\u00a02,80<\/td>\n<\/tr>\n<tr class=\"row-71\">\n\t<td class=\"column-1\">Kleiner Brauner<\/td><td class=\"column-2\">\u20ac\u00a0\u00a01,80<\/td>\n<\/tr>\n<tr class=\"row-72\">\n\t<td class=\"column-1\">Hei\u00dfe Schokolade mit Schlag<\/td><td class=\"column-2\">\u20ac\u00a0\u00a02,50<\/td>\n<\/tr>\n<tr class=\"row-73\">\n\t<td class=\"column-1\">Tee mit Zitrone<\/td><td class=\"column-2\">\u20ac\u00a0\u00a01,30<\/td>\n<\/tr>\n<tr class=\"row-74\">\n\t<td class=\"column-1\">Tee mit Rum<\/td><td class=\"column-2\">\u20ac\u00a0\u00a02,50<\/td>\n<\/tr>\n<tr class=\"row-75\">\n\t<td class=\"column-1\">Tee mit Schnaps<\/td><td class=\"column-2\">\u20ac\u00a0\u00a02,50<\/td>\n<\/tr>\n<tr class=\"row-76\">\n\t<td class=\"column-1\">Jagatee<\/td><td class=\"column-2\">\u20ac\u00a0\u00a02,50<\/td>\n<\/tr>\n<tr class=\"row-77\">\n\t<td class=\"column-1\">Gl\u00fchwein wei\u00df oder rot 1\/4 l<\/td><td class=\"column-2\">\u20ac\u00a0\u00a02,50<\/td>\n<\/tr>\n<tr class=\"row-78\">\n\t<td class=\"column-1\"><h2>Offene Weine<\/h2><\/td><td class=\"column-2\"><\/td>\n<\/tr>\n<tr class=\"row-79\">\n\t<td class=\"column-1\">Wei\u00dfer oder roter Spritzer<\/td><td class=\"column-2\">\u20ac\u00a0\u00a01,70<\/td>\n<\/tr>\n<tr class=\"row-80\">\n\t<td class=\"column-1\">Wei\u00dfe oder rote Mischung<\/td><td class=\"column-2\">\u20ac\u00a0\u00a01,70<\/td>\n<\/tr>\n<tr class=\"row-81\">\n\t<td class=\"column-1\">1\/8 rot oder wei\u00df<\/td><td class=\"column-2\">\u20ac\u00a0\u00a01,30<\/td>\n<\/tr>\n<tr class=\"row-82\">\n\t<td class=\"column-1\">1\/4 rot oder wei\u00df<\/td><td class=\"column-2\">\u20ac\u00a0\u00a02,60<\/td>\n<\/tr>\n<tr class=\"row-83\">\n\t<td class=\"column-1\">Almdudler mit Wein<\/td><td class=\"column-2\">\u20ac\u00a0\u00a01,80<\/td>\n<\/tr>\n<tr class=\"row-84\">\n\t<td class=\"column-1\">Cola mit Rotwein<\/td><td class=\"column-2\">\u20ac\u00a0\u00a01,80<\/td>\n<\/tr>\n<tr class=\"row-85\">\n\t<td class=\"column-1\"><h2>Flaschenweine<\/h2><\/td><td class=\"column-2\"><\/td>\n<\/tr>\n<tr class=\"row-86\">\n\t<td class=\"column-1\"><h3>Rotweine<\/h3><\/td><td class=\"column-2\"><\/td>\n<\/tr>\n<tr class=\"row-87\">\n\t<td class=\"column-1\">Blauer Zweigelt 0,7 l Weingut Pittnauer, Gols<\/td><td class=\"column-2\">\u20ac\u00a016,90<\/td>\n<\/tr>\n<tr class=\"row-88\">\n\t<td class=\"column-1\">Zweigelt Classic 0,7 l Weingut Iby, Horitschon<\/td><td class=\"column-2\">\u20ac\u00a016,90<\/td>\n<\/tr>\n<tr class=\"row-89\">\n\t<td class=\"column-1\">Blaufr\u00e4nkisch 0,7 l Weingut Erika und Paul Grosz, Gaas, S\u00fcdburgenland<\/td><td class=\"column-2\">\u20ac\u00a014,90<\/td>\n<\/tr>\n<tr class=\"row-90\">\n\t<td class=\"column-1\">Blaufr\u00e4nkisch Sch\u00fctzenhof 0,7 l Weingut Familie Faulhammer-K\u00f6rper, Deutsch-Sch\u00fctzen<\/td><td class=\"column-2\">\u20ac\u00a016,90<\/td>\n<\/tr>\n<tr class=\"row-91\">\n\t<td class=\"column-1\">Blaufr\u00e4nkisch Br\u00fcndlfangen 0,7 l Weingut Wachter-Wiesler, Deutsch-Sch\u00fctzen<\/td><td class=\"column-2\">\u20ac\u00a014,90<\/td>\n<\/tr>\n<tr class=\"row-92\">\n\t<td class=\"column-1\">Merlot 0,7 l Weingut Strehn, Deutschkreutz<\/td><td class=\"column-2\">\u20ac\u00a016,90<\/td>\n<\/tr>\n<tr class=\"row-93\">\n\t<td class=\"column-1\"><h3>Weissweine<\/h3><\/td><td class=\"column-2\"><\/td>\n<\/tr>\n<tr class=\"row-94\">\n\t<td class=\"column-1\">Welschriesling 0,7 l Weingut Erika und Paul Grosz, Gaas, S\u00fcdburgenland<\/td><td class=\"column-2\">\u20ac\u00a014,90<\/td>\n<\/tr>\n<tr class=\"row-95\">\n\t<td class=\"column-1\">Gr\u00fcner Veltliner 0,7 l Weingut Sommer, Donnerskirchen<\/td><td class=\"column-2\">\u20ac\u00a014,90<\/td>\n<\/tr>\n<tr class=\"row-96\">\n\t<td class=\"column-1\">Sauvignon blanc 0,7 l Familie Strauss, Steiermark<\/td><td class=\"column-2\">\u20ac\u00a014,90<\/td>\n<\/tr>\n<\/tbody>\n<\/table>\n<!-- #tablepress-4 from cache --><\/p>\n","protected":false},"excerpt":{"rendered":"<p>[smartslider2 slider=&#8220;4&#8243;]<\/p>\n","protected":false},"author":1,"featured_media":1150,"parent":0,"menu_order":0,"comment_status":"closed","ping_status":"closed","template":"full-width-page.php","meta":{"footnotes":""},"_links":{"self":[{"href":"https:\/\/www.gasthaus-supper.at\/index.php?rest_route=\/wp\/v2\/pages\/774"}],"collection":[{"href":"https:\/\/www.gasthaus-supper.at\/index.php?rest_route=\/wp\/v2\/pages"}],"about":[{"href":"https:\/\/www.gasthaus-supper.at\/index.php?rest_route=\/wp\/v2\/types\/page"}],"author":[{"embeddable":true,"href":"https:\/\/www.gasthaus-supper.at\/index.php?rest_route=\/wp\/v2\/users\/1"}],"replies":[{"embeddable":true,"href":"https:\/\/www.gasthaus-supper.at\/index.php?rest_route=%2Fwp%2Fv2%2Fcomments&post=774"}],"version-history":[{"count":3,"href":"https:\/\/www.gasthaus-supper.at\/index.php?rest_route=\/wp\/v2\/pages\/774\/revisions"}],"predecessor-version":[{"id":1324,"href":"https:\/\/www.gasthaus-supper.at\/index.php?rest_route=\/wp\/v2\/pages\/774\/revisions\/1324"}],"wp:featuredmedia":[{"embeddable":true,"href":"https:\/\/www.gasthaus-supper.at\/index.php?rest_route=\/wp\/v2\/media\/1150"}],"wp:attachment":[{"href":"https:\/\/www.gasthaus-supper.at\/index.php?rest_route=%2Fwp%2Fv2%2Fmedia&parent=774"}],"curies":[{"name":"wp","href":"https:\/\/api.w.org\/{rel}","templated":true}]}}